{"id":1204,"date":"2024-08-13T19:42:46","date_gmt":"2024-08-13T22:42:46","guid":{"rendered":"https:\/\/dentaltechexpert.com\/?page_id=1204"},"modified":"2025-03-14T15:23:00","modified_gmt":"2025-03-14T18:23:00","slug":"politica-de-privacidade","status":"publish","type":"page","link":"https:\/\/dentaltechexpert.com\/pt-br\/politica-de-privacidade\/","title":{"rendered":"Pol\u00edtica de privacidade"},"content":{"rendered":"\n<p>N\u00f3s da <strong>Dental Tech Expert<\/strong> temos o compromisso de proteger a sua privacidade. O objetivo deste documento \u00e9 esclarecer quais informa\u00e7\u00f5es s\u00e3o coletadas dos usu\u00e1rios do nosso site dentaltechexpert.com e dos respectivos servi\u00e7os, e como esses dados s\u00e3o tratados e utilizados. <\/p>\n\n<p>Observe que, se voc\u00ea n\u00e3o concordar com o conte\u00fado desta pol\u00edtica, n\u00e3o dever\u00e1 fazer download de nossos materiais, usar qualquer um de nossos servi\u00e7os ou navegar em nosso site.<\/p>\n\n<p><br\/>Site da Web: https:\/\/dentaltechexpert.com E-mail: comercial@dentaltechexpert.com<\/p>\n\n<h2 class=\"wp-block-heading\"><strong>Sobre a coleta de dados<\/strong><\/h2>\n\n<p>Em nossos sites, as informa\u00e7\u00f5es s\u00e3o coletadas das seguintes maneiras:<\/p>\n\n<p><strong>Informa\u00e7\u00f5es fornecidas por voc\u00ea<\/strong> &#8211; Coletamos informa\u00e7\u00f5es de identifica\u00e7\u00e3o pessoal, como nome, n\u00famero de telefone, endere\u00e7o de e-mail, empregador e cargo, por meio do preenchimento de formul\u00e1rios para download de nosso conte\u00fado gratuito. Ocasionalmente, algumas solicita\u00e7\u00f5es de informa\u00e7\u00f5es podem ser feitas por meio de contato direto do <strong>Dental Tech Expert<\/strong> com os usu\u00e1rios por e-mail ou telefone. <\/p>\n\n<p><strong>Informa\u00e7\u00f5es de navega\u00e7\u00e3o no site<\/strong> &#8211; Quando voc\u00ea visita nosso site, um cookie \u00e9 colocado no seu navegador pelo software Google Analytics para identificar quantas vezes voc\u00ea retorna ao nosso site. S\u00e3o coletados dados como endere\u00e7o IP, localiza\u00e7\u00e3o geogr\u00e1fica, fonte de refer\u00eancia, tipo de navegador, dura\u00e7\u00e3o da visita e p\u00e1ginas visitadas. <\/p>\n\n<p><strong>Hist\u00f3rico de contatos<\/strong> &#8211; Aqui na <strong>Dental Tech Expert<\/strong> armazenamos informa\u00e7\u00f5es sobre todos os contatos feitos com nossos usu\u00e1rios, como conte\u00fado baixado de nossas p\u00e1ginas e intera\u00e7\u00f5es por e-mail.<\/p>\n\n<h2 class=\"wp-block-heading\"><strong>Sobre o uso de suas informa\u00e7\u00f5es pessoais<\/strong><\/h2>\n\n<p>Esse termo permite que <strong>a Dental Tech Expert<\/strong> use suas informa\u00e7\u00f5es pessoais para uma variedade de finalidades.<\/p>\n\n<p>O endere\u00e7o de e-mail \u00e9 usado para a opera\u00e7\u00e3o de envio do material ou das informa\u00e7\u00f5es que voc\u00ea solicitou ao preencher o formul\u00e1rio. Ele tamb\u00e9m pode ser usado para o envio de boletins informativos. <\/p>\n\n<p>Por fim, o e-mail tamb\u00e9m ser\u00e1 usado para comunicar o lan\u00e7amento de novos materiais ou produtos gratuitos da <strong>Dental Tech Expert<\/strong> e de seus parceiros. No entanto, o usu\u00e1rio poder\u00e1 cancelar sua inscri\u00e7\u00e3o a qualquer momento. <\/p>\n\n<p>Os dados de download podem ser divulgados como pesquisa e estat\u00edstica, sem revelar abertamente qualquer informa\u00e7\u00e3o pessoal, a menos que explicitamente autorizado.<\/p>\n\n<p>Os funcion\u00e1rios <strong>da Dental Tech Expert<\/strong> podem ser contatados por e-mail ou telefone para realizar pesquisas ou para apresentar produtos e servi\u00e7os.<\/p>\n\n<p>Suas informa\u00e7\u00f5es pessoais somente ser\u00e3o compartilhadas com nossos parceiros quando a colabora\u00e7\u00e3o for explicitamente declarada na p\u00e1gina em que se encontra o formul\u00e1rio para recebimento de conte\u00fado educacional.<\/p>\n\n<h2 class=\"wp-block-heading\"><strong>Sobre o acesso \u00e0s suas informa\u00e7\u00f5es pessoais<\/strong><\/h2>\n\n<p>Somente os funcion\u00e1rios <strong>da Dental Tech Expert<\/strong> poder\u00e3o ver suas informa\u00e7\u00f5es pessoais. Eventualmente, se a inser\u00e7\u00e3o de suas informa\u00e7\u00f5es ocorrer em a\u00e7\u00f5es criadas de forma colaborativa, parceiros explicitamente identificados tamb\u00e9m ter\u00e3o acesso \u00e0s informa\u00e7\u00f5es. Nenhuma informa\u00e7\u00e3o pessoal poder\u00e1 ser divulgada publicamente.  <\/p>\n\n<p><strong>A Dental Tech Expert<\/strong> tamb\u00e9m se compromete a n\u00e3o vender, alugar ou transferir suas informa\u00e7\u00f5es para terceiros. A \u00fanica exce\u00e7\u00e3o \u00e9 quando as informa\u00e7\u00f5es s\u00e3o exigidas por lei. <\/p>\n\n<p>Al\u00e9m disso, embora trabalhemos com boas pr\u00e1ticas de seguran\u00e7a e prote\u00e7\u00e3o, nenhum servi\u00e7o da Web tem 100% de garantia contra invas\u00f5es e n\u00e3o podemos nos responsabilizar caso isso aconte\u00e7a.<\/p>\n\n<h3 class=\"wp-block-heading\"><strong>Cookies<\/strong><\/h3>\n\n<p><strong>O Dental Tech Expert<\/strong> utiliza cookies, que s\u00e3o arquivos de texto enviados pela plataforma para o seu computador e armazenados no seu computador, contendo informa\u00e7\u00f5es relacionadas \u00e0 sua navega\u00e7\u00e3o no site. Em resumo, os cookies s\u00e3o utilizados para melhorar a experi\u00eancia do usu\u00e1rio. <\/p>\n\n<p>Ao acessar nosso site e aceitar o uso de cookies, voc\u00ea reconhece e concorda com o uso de um sistema de coleta de dados de navega\u00e7\u00e3o por meio do uso de cookies em seu dispositivo.<\/p>\n\n<p>Nosso site usa cookies, tags e pixels para coletar os seguintes dados:<\/p>\n\n<ul class=\"wp-block-list\">\n<li>Registros, incluindo: endere\u00e7o IP do usu\u00e1rio, ID da sess\u00e3o, bem como datas e hor\u00e1rios das a\u00e7\u00f5es realizadas no site.<\/li>\n\n\n\n<li>Cookies pr\u00f3prios ou de terceiros que atendem aos prop\u00f3sitos deste documento.<\/li>\n\n\n\n<li>Dados espec\u00edficos do dispositivo, localiza\u00e7\u00e3o, visita e outros dados armazenados, acessados ou coletados dos dispositivos do usu\u00e1rio e armazenados pelo Google, Facebook e LinkedIn.<\/li>\n<\/ul>\n\n<p>Voc\u00ea pode, a qualquer momento e gratuitamente, modificar as permiss\u00f5es, bloquear ou rejeitar cookies. Entretanto, a revoga\u00e7\u00e3o do consentimento para determinados cookies pode impedir o funcionamento adequado de alguns recursos da plataforma. <\/p>\n\n<p>Para gerenciar cookies no seu navegador, basta faz\u00ea-lo diretamente nas configura\u00e7\u00f5es do navegador, na se\u00e7\u00e3o de gerenciamento de cookies. Voc\u00ea pode acessar tutoriais sobre esse assunto clicando nos links abaixo: <\/p>\n\n<ul class=\"wp-block-list\">\n<li>Se voc\u00ea usa o <a href=\"https:\/\/support.microsoft.com\/pt-br\/help\/17442\/windows-internet-explorer-delete-manage-cookies\" target=\"_blank\" rel=\"noreferrer noopener\">Internet Explorer<\/a>.<\/li>\n\n\n\n<li>Se voc\u00ea usa <a href=\"https:\/\/support.mozilla.org\/pt-BR\/kb\/gerencie-configuracoes-de-armazenamento-local-de-s\" target=\"_blank\" rel=\"noreferrer noopener\">o Firefox<\/a>.<\/li>\n\n\n\n<li>Se voc\u00ea usa <a href=\"https:\/\/support.apple.com\/pt-br\/guide\/safari\/sfri11471\/mac\" target=\"_blank\" rel=\"noreferrer noopener\">o Safari<\/a>.<\/li>\n\n\n\n<li>Se voc\u00ea usa <a href=\"https:\/\/support.google.com\/chrome\/answer\/95647?co=GENIE.Platform%3DDesktop&amp;oco=1&amp;hl=pt-BR\" target=\"_blank\" rel=\"noreferrer noopener\">o Google Chrome<\/a>.<\/li>\n\n\n\n<li>Se voc\u00ea usa o <a href=\"https:\/\/support.microsoft.com\/pt-br\/help\/4027947\/microsoft-edge-delete-cookies\" target=\"_blank\" rel=\"noreferrer noopener\">Microsoft Edge<\/a>.<\/li>\n\n\n\n<li>Se voc\u00ea usa o <a href=\"https:\/\/help.opera.com\/en\/latest\/web-preferences\/#cookies\" target=\"_blank\" rel=\"noreferrer noopener\">Opera<\/a>.<\/li>\n<\/ul>\n\n<p>Para obter mais informa\u00e7\u00f5es sobre a pol\u00edtica de cookies do Google: <a>https:\/\/policies.google.com\/technologies\/cookies?hl=es<\/a><\/p>\n\n<p>Para obter mais informa\u00e7\u00f5es sobre a pol\u00edtica de cookies do Facebook: <a href=\"https:\/\/www.facebook.com\/policies\/cookies\/\">https:\/\/www.facebook.com\/policies\/cookies\/<\/a><\/p>\n\n<p>Para obter mais informa\u00e7\u00f5es sobre a pol\u00edtica de cookies do LinkedIn: <a href=\"https:\/\/es.linkedin.com\/legal\/cookie-policy\">https:\/\/es.linkedin.com\/legal\/cookie-policy<\/a><\/p>\n\n<h3 class=\"wp-block-heading\"><strong>Analisar e compartilhar seus dados<\/strong><\/h3>\n\n<p>Usamos o Google Analytics e o Facebook para coletar localiza\u00e7\u00e3o, dispositivo, acesso ao site, faixa et\u00e1ria e outras informa\u00e7\u00f5es. Para saber mais sobre as pol\u00edticas de privacidade desses dois provedores, consulte os links abaixo: <\/p>\n\n<p>Google: <a>https:\/\/policies.google.com\/privacy?hl=es<\/a><\/p>\n\n<p>Facebook: <a href=\"https:\/\/www.facebook.com\/policies\">https:\/\/www.facebook.com\/policies<\/a><\/p>\n\n<p>LinkedIn: <a href=\"https:\/\/es.linkedin.com\/legal\/privacy-policy\">https:\/\/es.linkedin.com\/legal\/privacy-policy<\/a><\/p>\n\n<h2 class=\"wp-block-heading\"><strong>Sobre o compartilhamento de conte\u00fado em redes sociais<\/strong><\/h2>\n\n<p>Ao clicar nos bot\u00f5es de compartilhamento de m\u00eddia social dispon\u00edveis em nossas p\u00e1ginas, o usu\u00e1rio estar\u00e1 publicando o conte\u00fado por meio de seu perfil na rede selecionada. <strong>O Dental Tech Expert<\/strong> n\u00e3o tem acesso ao login ou \u00e0s senhas do usu\u00e1rio nessas redes, nem publicar\u00e1 conte\u00fado em nome do usu\u00e1rio sem que este realize essa a\u00e7\u00e3o.<\/p>\n\n<h2 class=\"wp-block-heading\"><strong>Sobre o cancelamento da assinatura e a modifica\u00e7\u00e3o\/exclus\u00e3o de informa\u00e7\u00f5es pessoais<\/strong><\/h2>\n\n<p>Voc\u00ea pode optar por n\u00e3o receber mais e-mails da <strong>Dental Tech Expert<\/strong>.<\/p>\n\n<p>Em todos os e-mails que enviamos, h\u00e1 sempre um link de cancelamento de inscri\u00e7\u00e3o dispon\u00edvel nas \u00faltimas linhas. Ao clicar nesse link, voc\u00ea ser\u00e1 automaticamente removido da lista. <\/p>\n\n<p>\u00c9 importante mencionar que o preenchimento de qualquer formul\u00e1rio novamente caracterizar\u00e1 a reinser\u00e7\u00e3o do seu endere\u00e7o de e-mail na lista. Portanto, a solicita\u00e7\u00e3o de cancelamento deve ser feita novamente se for do interesse de voc\u00ea. <\/p>\n\n<p>Para modificar suas informa\u00e7\u00f5es pessoais ou remov\u00ea-las de nosso banco de dados, basta enviar um e-mail para <a>comercial@dentaltechexpert.com.<\/a><\/p>\n\n<h2 class=\"wp-block-heading\"><strong>Altera\u00e7\u00f5es na Pol\u00edtica de Privacidade<\/strong><\/h2>\n\n<p>Esta Pol\u00edtica de Privacidade pode ser atualizada de tempos em tempos. Portanto, recomendamos que voc\u00ea visite periodicamente esta p\u00e1gina para se manter atualizado sobre quaisquer altera\u00e7\u00f5es. <\/p>\n\n<p>Antes de usarmos as informa\u00e7\u00f5es para outros fins que n\u00e3o os definidos nesta Pol\u00edtica de Privacidade, solicitaremos sua permiss\u00e3o.<\/p>\n\n<h2 class=\"wp-block-heading\"><strong>Entre em contato com o Dental Tech Expert para esclarecer suas d\u00favidas<\/strong><\/h2>\n\n<p>Voc\u00ea pode solicitar um arquivo exportado dos dados pessoais que mantemos sobre voc\u00ea, incluindo todos os dados que voc\u00ea nos forneceu. Voc\u00ea tamb\u00e9m pode solicitar a exclus\u00e3o de todos os dados pessoais que mantemos sobre voc\u00ea. Isso n\u00e3o inclui os dados que somos obrigados a manter para fins administrativos, legais ou de seguran\u00e7a.  <\/p>\n\n<p>Qualquer d\u00favida sobre nossa pol\u00edtica de privacidade pode ser respondida entrando em contato conosco.<\/p>\n\n<p>Envie um e-mail para <a>comercial@dentaltechexpert.com.<\/a><\/p>\n","protected":false},"excerpt":{"rendered":"<p>N\u00f3s da Dental Tech Expert temos o compromisso de proteger a sua privacidade. O objetivo deste documento \u00e9 esclarecer quais informa\u00e7\u00f5es s\u00e3o coletadas dos usu\u00e1rios do nosso site dentaltechexpert.com e dos respectivos servi\u00e7os, e como esses dados s\u00e3o tratados e utilizados. Observe que, se voc\u00ea n\u00e3o concordar com o conte\u00fado desta pol\u00edtica, n\u00e3o dever\u00e1 fazer [&hellip;]<\/p>\n","protected":false},"author":1,"featured_media":0,"parent":0,"menu_order":0,"comment_status":"closed","ping_status":"closed","template":"","meta":{"_acf_changed":false,"footnotes":""},"class_list":["post-1204","page","type-page","status-publish","hentry"],"acf":[],"yoast_head":"<!-- This site is optimized with the Yoast SEO plugin v26.1.1 - https:\/\/yoast.com\/wordpress\/plugins\/seo\/ -->\n<title>Pol\u00edtica de privacidade - Dental Tech Expert<\/title>\n<meta name=\"robots\" content=\"index, follow, max-snippet:-1, max-image-preview:large, max-video-preview:-1\" \/>\n<link rel=\"canonical\" href=\"https:\/\/dentaltechexpert.com\/pt-br\/politica-de-privacidade\/\" \/>\n<meta property=\"og:locale\" content=\"pt_BR\" \/>\n<meta property=\"og:type\" content=\"article\" \/>\n<meta property=\"og:title\" content=\"Pol\u00edtica de privacidade - Dental Tech Expert\" \/>\n<meta property=\"og:description\" content=\"N\u00f3s da Dental Tech Expert temos o compromisso de proteger a sua privacidade. O objetivo deste documento \u00e9 esclarecer quais informa\u00e7\u00f5es s\u00e3o coletadas dos usu\u00e1rios do nosso site dentaltechexpert.com e dos respectivos servi\u00e7os, e como esses dados s\u00e3o tratados e utilizados. Observe que, se voc\u00ea n\u00e3o concordar com o conte\u00fado desta pol\u00edtica, n\u00e3o dever\u00e1 fazer [&hellip;]\" \/>\n<meta property=\"og:url\" content=\"https:\/\/dentaltechexpert.com\/pt-br\/politica-de-privacidade\/\" \/>\n<meta property=\"og:site_name\" content=\"Dental Tech Expert\" \/>\n<meta property=\"article:modified_time\" content=\"2025-03-14T18:23:00+00:00\" \/>\n<meta name=\"twitter:card\" content=\"summary_large_image\" \/>\n<meta name=\"twitter:label1\" content=\"Est. tempo de leitura\" \/>\n\t<meta name=\"twitter:data1\" content=\"7 minutos\" \/>\n<script type=\"application\/ld+json\" class=\"yoast-schema-graph\">{\"@context\":\"https:\/\/schema.org\",\"@graph\":[{\"@type\":\"WebPage\",\"@id\":\"https:\/\/dentaltechexpert.com\/pt-br\/politica-de-privacidade\/\",\"url\":\"https:\/\/dentaltechexpert.com\/pt-br\/politica-de-privacidade\/\",\"name\":\"Pol\u00edtica de privacidade - Dental Tech Expert\",\"isPartOf\":{\"@id\":\"https:\/\/dentaltechexpert.com\/pt-br\/#website\"},\"datePublished\":\"2024-08-13T22:42:46+00:00\",\"dateModified\":\"2025-03-14T18:23:00+00:00\",\"breadcrumb\":{\"@id\":\"https:\/\/dentaltechexpert.com\/pt-br\/politica-de-privacidade\/#breadcrumb\"},\"inLanguage\":\"pt-BR\",\"potentialAction\":[{\"@type\":\"ReadAction\",\"target\":[\"https:\/\/dentaltechexpert.com\/pt-br\/politica-de-privacidade\/\"]}]},{\"@type\":\"BreadcrumbList\",\"@id\":\"https:\/\/dentaltechexpert.com\/pt-br\/politica-de-privacidade\/#breadcrumb\",\"itemListElement\":[{\"@type\":\"ListItem\",\"position\":1,\"name\":\"Portada\",\"item\":\"https:\/\/dentaltechexpert.com\/pt-br\/\"},{\"@type\":\"ListItem\",\"position\":2,\"name\":\"Pol\u00edtica de privacidade\"}]},{\"@type\":\"WebSite\",\"@id\":\"https:\/\/dentaltechexpert.com\/pt-br\/#website\",\"url\":\"https:\/\/dentaltechexpert.com\/pt-br\/\",\"name\":\"Dental Tech Expert\",\"description\":\"\",\"potentialAction\":[{\"@type\":\"SearchAction\",\"target\":{\"@type\":\"EntryPoint\",\"urlTemplate\":\"https:\/\/dentaltechexpert.com\/pt-br\/?s={search_term_string}\"},\"query-input\":{\"@type\":\"PropertyValueSpecification\",\"valueRequired\":true,\"valueName\":\"search_term_string\"}}],\"inLanguage\":\"pt-BR\"}]}<\/script>\n<!-- \/ Yoast SEO plugin. -->","yoast_head_json":{"title":"Pol\u00edtica de privacidade - Dental Tech Expert","robots":{"index":"index","follow":"follow","max-snippet":"max-snippet:-1","max-image-preview":"max-image-preview:large","max-video-preview":"max-video-preview:-1"},"canonical":"https:\/\/dentaltechexpert.com\/pt-br\/politica-de-privacidade\/","og_locale":"pt_BR","og_type":"article","og_title":"Pol\u00edtica de privacidade - Dental Tech Expert","og_description":"N\u00f3s da Dental Tech Expert temos o compromisso de proteger a sua privacidade. O objetivo deste documento \u00e9 esclarecer quais informa\u00e7\u00f5es s\u00e3o coletadas dos usu\u00e1rios do nosso site dentaltechexpert.com e dos respectivos servi\u00e7os, e como esses dados s\u00e3o tratados e utilizados. Observe que, se voc\u00ea n\u00e3o concordar com o conte\u00fado desta pol\u00edtica, n\u00e3o dever\u00e1 fazer [&hellip;]","og_url":"https:\/\/dentaltechexpert.com\/pt-br\/politica-de-privacidade\/","og_site_name":"Dental Tech Expert","article_modified_time":"2025-03-14T18:23:00+00:00","twitter_card":"summary_large_image","twitter_misc":{"Est. tempo de leitura":"7 minutos"},"schema":{"@context":"https:\/\/schema.org","@graph":[{"@type":"WebPage","@id":"https:\/\/dentaltechexpert.com\/pt-br\/politica-de-privacidade\/","url":"https:\/\/dentaltechexpert.com\/pt-br\/politica-de-privacidade\/","name":"Pol\u00edtica de privacidade - Dental Tech Expert","isPartOf":{"@id":"https:\/\/dentaltechexpert.com\/pt-br\/#website"},"datePublished":"2024-08-13T22:42:46+00:00","dateModified":"2025-03-14T18:23:00+00:00","breadcrumb":{"@id":"https:\/\/dentaltechexpert.com\/pt-br\/politica-de-privacidade\/#breadcrumb"},"inLanguage":"pt-BR","potentialAction":[{"@type":"ReadAction","target":["https:\/\/dentaltechexpert.com\/pt-br\/politica-de-privacidade\/"]}]},{"@type":"BreadcrumbList","@id":"https:\/\/dentaltechexpert.com\/pt-br\/politica-de-privacidade\/#breadcrumb","itemListElement":[{"@type":"ListItem","position":1,"name":"Portada","item":"https:\/\/dentaltechexpert.com\/pt-br\/"},{"@type":"ListItem","position":2,"name":"Pol\u00edtica de privacidade"}]},{"@type":"WebSite","@id":"https:\/\/dentaltechexpert.com\/pt-br\/#website","url":"https:\/\/dentaltechexpert.com\/pt-br\/","name":"Dental Tech Expert","description":"","potentialAction":[{"@type":"SearchAction","target":{"@type":"EntryPoint","urlTemplate":"https:\/\/dentaltechexpert.com\/pt-br\/?s={search_term_string}"},"query-input":{"@type":"PropertyValueSpecification","valueRequired":true,"valueName":"search_term_string"}}],"inLanguage":"pt-BR"}]}},"_links":{"self":[{"href":"https:\/\/dentaltechexpert.com\/pt-br\/wp-json\/wp\/v2\/pages\/1204","targetHints":{"allow":["GET"]}}],"collection":[{"href":"https:\/\/dentaltechexpert.com\/pt-br\/wp-json\/wp\/v2\/pages"}],"about":[{"href":"https:\/\/dentaltechexpert.com\/pt-br\/wp-json\/wp\/v2\/types\/page"}],"author":[{"embeddable":true,"href":"https:\/\/dentaltechexpert.com\/pt-br\/wp-json\/wp\/v2\/users\/1"}],"replies":[{"embeddable":true,"href":"https:\/\/dentaltechexpert.com\/pt-br\/wp-json\/wp\/v2\/comments?post=1204"}],"version-history":[{"count":1,"href":"https:\/\/dentaltechexpert.com\/pt-br\/wp-json\/wp\/v2\/pages\/1204\/revisions"}],"predecessor-version":[{"id":1206,"href":"https:\/\/dentaltechexpert.com\/pt-br\/wp-json\/wp\/v2\/pages\/1204\/revisions\/1206"}],"wp:attachment":[{"href":"https:\/\/dentaltechexpert.com\/pt-br\/wp-json\/wp\/v2\/media?parent=1204"}],"curies":[{"name":"wp","href":"https:\/\/api.w.org\/{rel}","templated":true}]}}