{"id":1224,"date":"2024-08-23T09:14:55","date_gmt":"2024-08-23T12:14:55","guid":{"rendered":"https:\/\/dentaltechexpert.com\/marcas\/"},"modified":"2024-12-06T08:30:39","modified_gmt":"2024-12-06T11:30:39","slug":"marcas","status":"publish","type":"page","link":"https:\/\/dentaltechexpert.com\/pt-br\/marcas\/","title":{"rendered":"Marcas"},"content":{"rendered":"<section class=\"section seccion_header_marcas\">\n\t<span class=\"block-admin-title\" aria-hidden=\"true\">Secci\u00f3n de Header Marcas<\/span>\n\t<section class=\"wrapper\">\n\t\t<div class=\"content\">\n\t\t\t<div class=\"texto\">\n\n\t\t\t\t\t\t\t\t\t<p class=\"subtitulo\">Marcas l\u00edderes em<\/p>\n\t\t\t\t\n\t\t\t\t<h1>Solu\u00e7\u00f5es para <b>laborat\u00f3rios e cl\u00ednicas odontol\u00f3gicas<\/b><\/h1>\n\t\t\t\t<div class=\"descripcion\">\n\t\t\t\t\t<p>As melhores marcas em tecnologia odontol\u00f3gica digital, oferecendo solu\u00e7\u00f5es inovadoras para otimizar o desempenho de laborat\u00f3rios e cl\u00ednicas. Software CAD\/CAM, fresadoras, scanners intraorais e muito mais. <\/p>\n\t\t\t\t<\/div>\n\t\t\t<\/div>\n\t\t<\/div>\n\t<\/section>\n<\/section>\n<section class=\"section listar_marcas\">\n\t<span class=\"block-admin-title\" aria-hidden=\"true\">Secci\u00f3n de Listar Marcas\n<\/span>\n\t<section class=\"wrapper\">\n\t\t\t\t\t<section class=\"marcas flex\">\n\t\t\t\t\t\t\t\t\t<div class=\"marca flex\">\n\t\t\t\t\t\t<div class=\"logo_marca\">\n\t\t\t\t\t\t\t<img decoding=\"async\" src=\"https:\/\/dentaltechexpert.com\/wp-content\/uploads\/2024\/10\/3-shape-logo.png\" \/>\n\t\t\t\t\t\t<\/div>\n\t\t\t\t\t\t<!-- <p class=\"titulo\">3-Shape<\/p> -->\n\t\t\t\t\t\t<p class=\"resumen\">L\u00edder global em solu\u00e7\u00f5es digitais para cl\u00ednicas e laborat\u00f3rios de pr\u00f3teses<\/p>\n\t\t\t\t\t\t<p class=\"boton\">D\u00ea uma olhada<\/p>\n\t\t\t\t\t\t<a class=\"link\" href=\"https:\/\/dentaltechexpert.com\/pt-br\/marca\/3-shape\/\"><\/a>\n\t\t\t\t\t<\/div>\n\t\t\t\t\t\t\t\t\t<div class=\"marca flex\">\n\t\t\t\t\t\t<div class=\"logo_marca\">\n\t\t\t\t\t\t\t<img decoding=\"async\" src=\"https:\/\/dentaltechexpert.com\/wp-content\/uploads\/2024\/10\/amann.png\" \/>\n\t\t\t\t\t\t<\/div>\n\t\t\t\t\t\t<!-- <p class=\"titulo\">Amann Girrbach<\/p> -->\n\t\t\t\t\t\t<p class=\"resumen\">Solu\u00e7\u00f5es inovadoras de CAD\/CAM para cl\u00ednicas e laborat\u00f3rios de pr\u00f3tese<\/p>\n\t\t\t\t\t\t<p class=\"boton\">D\u00ea uma olhada<\/p>\n\t\t\t\t\t\t<a class=\"link\" href=\"https:\/\/dentaltechexpert.com\/pt-br\/marca\/amann-girrbach\/\"><\/a>\n\t\t\t\t\t<\/div>\n\t\t\t\t\t\t\t\t\t<div class=\"marca flex\">\n\t\t\t\t\t\t<div class=\"logo_marca\">\n\t\t\t\t\t\t\t<img decoding=\"async\" src=\"https:\/\/dentaltechexpert.com\/wp-content\/uploads\/2024\/10\/shining-3d-logo.png\" \/>\n\t\t\t\t\t\t<\/div>\n\t\t\t\t\t\t<!-- <p class=\"titulo\">Brilhante 3D<\/p> -->\n\t\t\t\t\t\t<p class=\"resumen\">Solu\u00e7\u00f5es inovadoras para cl\u00ednicas e laborat\u00f3rios odontol\u00f3gicos<\/p>\n\t\t\t\t\t\t<p class=\"boton\">D\u00ea uma olhada<\/p>\n\t\t\t\t\t\t<a class=\"link\" href=\"https:\/\/dentaltechexpert.com\/pt-br\/marca\/brilhante-3d\/\"><\/a>\n\t\t\t\t\t<\/div>\n\t\t\t\t\t\t\t\t\t<div class=\"marca flex\">\n\t\t\t\t\t\t<div class=\"logo_marca\">\n\t\t\t\t\t\t\t<img decoding=\"async\" src=\"https:\/\/dentaltechexpert.com\/wp-content\/uploads\/2024\/10\/dentsply_sirona.jpeg\" \/>\n\t\t\t\t\t\t<\/div>\n\t\t\t\t\t\t<!-- <p class=\"titulo\">Dentsply Sirona<\/p> -->\n\t\t\t\t\t\t<p class=\"resumen\">Solu\u00e7\u00f5es digitais integradas para cl\u00ednicas e laborat\u00f3rios de pr\u00f3teses<\/p>\n\t\t\t\t\t\t<p class=\"boton\">D\u00ea uma olhada<\/p>\n\t\t\t\t\t\t<a class=\"link\" href=\"https:\/\/dentaltechexpert.com\/pt-br\/marca\/dentsply-sirona\/\"><\/a>\n\t\t\t\t\t<\/div>\n\t\t\t\t\t\t\t\t\t<div class=\"marca flex\">\n\t\t\t\t\t\t<div class=\"logo_marca\">\n\t\t\t\t\t\t\t<img decoding=\"async\" src=\"https:\/\/dentaltechexpert.com\/wp-content\/uploads\/2024\/10\/medit_logo.webp\" \/>\n\t\t\t\t\t\t<\/div>\n\t\t\t\t\t\t<!-- <p class=\"titulo\">Medita\u00e7\u00e3o<\/p> -->\n\t\t\t\t\t\t<p class=\"resumen\">Solu\u00e7\u00f5es digitais para cl\u00ednicas e laborat\u00f3rios de pr\u00f3teses<\/p>\n\t\t\t\t\t\t<p class=\"boton\">D\u00ea uma olhada<\/p>\n\t\t\t\t\t\t<a class=\"link\" href=\"https:\/\/dentaltechexpert.com\/pt-br\/marca\/meditacao\/\"><\/a>\n\t\t\t\t\t<\/div>\n\t\t\t\t\t\t\t\t\t<div class=\"marca flex\">\n\t\t\t\t\t\t<div class=\"logo_marca\">\n\t\t\t\t\t\t\t<img decoding=\"async\" src=\"https:\/\/dentaltechexpert.com\/wp-content\/uploads\/2024\/10\/redon-logo.png\" \/>\n\t\t\t\t\t\t<\/div>\n\t\t\t\t\t\t<!-- <p class=\"titulo\">Redon<\/p> -->\n\t\t\t\t\t\t<p class=\"resumen\">Tecnologia avan\u00e7ada em fresadoras odontol\u00f3gicas para cl\u00ednicas e laborat\u00f3rios<\/p>\n\t\t\t\t\t\t<p class=\"boton\">D\u00ea uma olhada<\/p>\n\t\t\t\t\t\t<a class=\"link\" href=\"https:\/\/dentaltechexpert.com\/pt-br\/marca\/redon\/\"><\/a>\n\t\t\t\t\t<\/div>\n\t\t\t\t\t\t\t\t\t<div class=\"marca flex\">\n\t\t\t\t\t\t<div class=\"logo_marca\">\n\t\t\t\t\t\t\t<img decoding=\"async\" src=\"https:\/\/dentaltechexpert.com\/wp-content\/uploads\/2024\/10\/roland_dg_logo.png\" \/>\n\t\t\t\t\t\t<\/div>\n\t\t\t\t\t\t<!-- <p class=\"titulo\">Roland DG<\/p> -->\n\t\t\t\t\t\t<p class=\"resumen\">Fresadoras odontol\u00f3gicas e impressoras 3D de alto desempenho para cl\u00ednicas e laborat\u00f3rios de pr\u00f3tese<\/p>\n\t\t\t\t\t\t<p class=\"boton\">D\u00ea uma olhada<\/p>\n\t\t\t\t\t\t<a class=\"link\" href=\"https:\/\/dentaltechexpert.com\/pt-br\/marca\/roland-dg\/\"><\/a>\n\t\t\t\t\t<\/div>\n\t\t\t\t\t\t\t\t\t<div class=\"marca flex\">\n\t\t\t\t\t\t<div class=\"logo_marca\">\n\t\t\t\t\t\t\t<img decoding=\"async\" src=\"https:\/\/dentaltechexpert.com\/wp-content\/uploads\/2024\/10\/vhf-logo-content.png\" \/>\n\t\t\t\t\t\t<\/div>\n\t\t\t\t\t\t<!-- <p class=\"titulo\">VHF<\/p> -->\n\t\t\t\t\t\t<p class=\"resumen\">L\u00edder mundial em fresadoras CNC<\/p>\n\t\t\t\t\t\t<p class=\"boton\">D\u00ea uma olhada<\/p>\n\t\t\t\t\t\t<a class=\"link\" href=\"https:\/\/dentaltechexpert.com\/pt-br\/marca\/vhf\/\"><\/a>\n\t\t\t\t\t<\/div>\n\t\t\t\t\t\t\t\t\t<div class=\"marca flex\">\n\t\t\t\t\t\t<div class=\"logo_marca\">\n\t\t\t\t\t\t\t<img decoding=\"async\" src=\"https:\/\/dentaltechexpert.com\/wp-content\/uploads\/2024\/10\/xtcera-logo.png\" \/>\n\t\t\t\t\t\t<\/div>\n\t\t\t\t\t\t<!-- <p class=\"titulo\">XT CERA<\/p> -->\n\t\t\t\t\t\t<p class=\"resumen\">A solu\u00e7\u00e3o completa para fresamento dent\u00e1rio<\/p>\n\t\t\t\t\t\t<p class=\"boton\">D\u00ea uma olhada<\/p>\n\t\t\t\t\t\t<a class=\"link\" href=\"https:\/\/dentaltechexpert.com\/pt-br\/marca\/xt-cera\/\"><\/a>\n\t\t\t\t\t<\/div>\n\t\t\t\t\t\t\t<\/section>\n\t\t\t<\/section>\n<\/section>\n","protected":false},"excerpt":{"rendered":"","protected":false},"author":1,"featured_media":0,"parent":0,"menu_order":0,"comment_status":"closed","ping_status":"closed","template":"","meta":{"_acf_changed":false,"footnotes":""},"class_list":["post-1224","page","type-page","status-publish","hentry"],"acf":[],"yoast_head":"<!-- This site is optimized with the Yoast SEO plugin v26.1.1 - https:\/\/yoast.com\/wordpress\/plugins\/seo\/ -->\n<title>Marcas - Dental Tech Expert<\/title>\n<meta name=\"robots\" content=\"index, follow, max-snippet:-1, max-image-preview:large, max-video-preview:-1\" \/>\n<link rel=\"canonical\" href=\"https:\/\/dentaltechexpert.com\/pt-br\/marcas\/\" \/>\n<meta property=\"og:locale\" content=\"pt_BR\" \/>\n<meta property=\"og:type\" content=\"article\" \/>\n<meta property=\"og:title\" content=\"Marcas - Dental Tech Expert\" \/>\n<meta property=\"og:url\" content=\"https:\/\/dentaltechexpert.com\/pt-br\/marcas\/\" \/>\n<meta property=\"og:site_name\" content=\"Dental Tech Expert\" \/>\n<meta property=\"article:modified_time\" content=\"2024-12-06T11:30:39+00:00\" \/>\n<meta name=\"twitter:card\" content=\"summary_large_image\" \/>\n<script type=\"application\/ld+json\" class=\"yoast-schema-graph\">{\"@context\":\"https:\/\/schema.org\",\"@graph\":[{\"@type\":\"WebPage\",\"@id\":\"https:\/\/dentaltechexpert.com\/pt-br\/marcas\/\",\"url\":\"https:\/\/dentaltechexpert.com\/pt-br\/marcas\/\",\"name\":\"Marcas - Dental Tech Expert\",\"isPartOf\":{\"@id\":\"https:\/\/dentaltechexpert.com\/pt-br\/#website\"},\"datePublished\":\"2024-08-23T12:14:55+00:00\",\"dateModified\":\"2024-12-06T11:30:39+00:00\",\"breadcrumb\":{\"@id\":\"https:\/\/dentaltechexpert.com\/pt-br\/marcas\/#breadcrumb\"},\"inLanguage\":\"pt-BR\",\"potentialAction\":[{\"@type\":\"ReadAction\",\"target\":[\"https:\/\/dentaltechexpert.com\/pt-br\/marcas\/\"]}]},{\"@type\":\"BreadcrumbList\",\"@id\":\"https:\/\/dentaltechexpert.com\/pt-br\/marcas\/#breadcrumb\",\"itemListElement\":[{\"@type\":\"ListItem\",\"position\":1,\"name\":\"Portada\",\"item\":\"https:\/\/dentaltechexpert.com\/pt-br\/\"},{\"@type\":\"ListItem\",\"position\":2,\"name\":\"Marcas\"}]},{\"@type\":\"WebSite\",\"@id\":\"https:\/\/dentaltechexpert.com\/pt-br\/#website\",\"url\":\"https:\/\/dentaltechexpert.com\/pt-br\/\",\"name\":\"Dental Tech Expert\",\"description\":\"\",\"potentialAction\":[{\"@type\":\"SearchAction\",\"target\":{\"@type\":\"EntryPoint\",\"urlTemplate\":\"https:\/\/dentaltechexpert.com\/pt-br\/?s={search_term_string}\"},\"query-input\":{\"@type\":\"PropertyValueSpecification\",\"valueRequired\":true,\"valueName\":\"search_term_string\"}}],\"inLanguage\":\"pt-BR\"}]}<\/script>\n<!-- \/ Yoast SEO plugin. -->","yoast_head_json":{"title":"Marcas - Dental Tech Expert","robots":{"index":"index","follow":"follow","max-snippet":"max-snippet:-1","max-image-preview":"max-image-preview:large","max-video-preview":"max-video-preview:-1"},"canonical":"https:\/\/dentaltechexpert.com\/pt-br\/marcas\/","og_locale":"pt_BR","og_type":"article","og_title":"Marcas - Dental Tech Expert","og_url":"https:\/\/dentaltechexpert.com\/pt-br\/marcas\/","og_site_name":"Dental Tech Expert","article_modified_time":"2024-12-06T11:30:39+00:00","twitter_card":"summary_large_image","schema":{"@context":"https:\/\/schema.org","@graph":[{"@type":"WebPage","@id":"https:\/\/dentaltechexpert.com\/pt-br\/marcas\/","url":"https:\/\/dentaltechexpert.com\/pt-br\/marcas\/","name":"Marcas - Dental Tech Expert","isPartOf":{"@id":"https:\/\/dentaltechexpert.com\/pt-br\/#website"},"datePublished":"2024-08-23T12:14:55+00:00","dateModified":"2024-12-06T11:30:39+00:00","breadcrumb":{"@id":"https:\/\/dentaltechexpert.com\/pt-br\/marcas\/#breadcrumb"},"inLanguage":"pt-BR","potentialAction":[{"@type":"ReadAction","target":["https:\/\/dentaltechexpert.com\/pt-br\/marcas\/"]}]},{"@type":"BreadcrumbList","@id":"https:\/\/dentaltechexpert.com\/pt-br\/marcas\/#breadcrumb","itemListElement":[{"@type":"ListItem","position":1,"name":"Portada","item":"https:\/\/dentaltechexpert.com\/pt-br\/"},{"@type":"ListItem","position":2,"name":"Marcas"}]},{"@type":"WebSite","@id":"https:\/\/dentaltechexpert.com\/pt-br\/#website","url":"https:\/\/dentaltechexpert.com\/pt-br\/","name":"Dental Tech Expert","description":"","potentialAction":[{"@type":"SearchAction","target":{"@type":"EntryPoint","urlTemplate":"https:\/\/dentaltechexpert.com\/pt-br\/?s={search_term_string}"},"query-input":{"@type":"PropertyValueSpecification","valueRequired":true,"valueName":"search_term_string"}}],"inLanguage":"pt-BR"}]}},"_links":{"self":[{"href":"https:\/\/dentaltechexpert.com\/pt-br\/wp-json\/wp\/v2\/pages\/1224","targetHints":{"allow":["GET"]}}],"collection":[{"href":"https:\/\/dentaltechexpert.com\/pt-br\/wp-json\/wp\/v2\/pages"}],"about":[{"href":"https:\/\/dentaltechexpert.com\/pt-br\/wp-json\/wp\/v2\/types\/page"}],"author":[{"embeddable":true,"href":"https:\/\/dentaltechexpert.com\/pt-br\/wp-json\/wp\/v2\/users\/1"}],"replies":[{"embeddable":true,"href":"https:\/\/dentaltechexpert.com\/pt-br\/wp-json\/wp\/v2\/comments?post=1224"}],"version-history":[{"count":1,"href":"https:\/\/dentaltechexpert.com\/pt-br\/wp-json\/wp\/v2\/pages\/1224\/revisions"}],"predecessor-version":[{"id":1225,"href":"https:\/\/dentaltechexpert.com\/pt-br\/wp-json\/wp\/v2\/pages\/1224\/revisions\/1225"}],"wp:attachment":[{"href":"https:\/\/dentaltechexpert.com\/pt-br\/wp-json\/wp\/v2\/media?parent=1224"}],"curies":[{"name":"wp","href":"https:\/\/api.w.org\/{rel}","templated":true}]}}