{"id":1525,"date":"2024-08-19T09:23:07","date_gmt":"2024-08-19T12:23:07","guid":{"rendered":"https:\/\/dentaltechexpert.com\/inicio\/"},"modified":"2024-12-09T10:57:49","modified_gmt":"2024-12-09T13:57:49","slug":"inicio","status":"publish","type":"page","link":"https:\/\/dentaltechexpert.com\/pt-br\/","title":{"rendered":"In\u00edcio"},"content":{"rendered":"<section class=\"section seccion_header\">\n\t<span class=\"block-admin-title\" aria-hidden=\"true\">Secci\u00f3n de Header<\/span>\n\t<section class=\"wrapper\">\n\t\t<div class=\"content\">\n\t\t\t<div class=\"texto\">\n\n\t\t\t\t\t\t\t\t\t<p class=\"subtitulo\">Leve seu consult\u00f3rio odontol\u00f3gico para o pr\u00f3ximo n\u00edvel com as melhores tecnologias digitais do mercado.<\/p>\n\t\t\t\t\n\t\t\t\t<h1>Especialistas em tecnologia odontol\u00f3gica<\/h1>\n\t\t\t\t<div class=\"descripcion\">\n\t\t\t\t\t<p>Na Dental Tech Expert, oferecemos conte\u00fado especializado para dentistas e prot\u00e9ticos que desejam explorar as vantagens de scanners intraorais, fresadoras, impressoras 3D e software CAD\/CAM.<br \/>\nDescubra as solu\u00e7\u00f5es mais avan\u00e7adas e otimize a efici\u00eancia de seus tratamentos. <\/p>\n\t\t\t\t<\/div>\n\t\t\t<\/div>\n\t\t\t<div class=\"slider\">\n\t\t\t\t<div class='slide'><img src='https:\/\/dentaltechexpert.com\/wp-content\/uploads\/2024\/10\/the-rise-of-digital-dentistry-how-technology-is-transforming-dental-care-600x509.png' \/><\/div><div class='slide'><img src='https:\/\/dentaltechexpert.com\/wp-content\/uploads\/2024\/10\/dental-schools-digital-teaching-concept-600x500.webp' \/><\/div>\t\t\t<\/div>\n\t\t<\/div>\n\t<\/section>\n<\/section>\n<script>\njQuery( document ).ready(function() {\n\tjQuery('.section.seccion_header .content .slider').slick({\n\t\tslidesToShow: 1,\n\t\tslidesToScroll: 1,\n\t\tinfinite: true,\n\t\tdots: true,\n   \t\tautoplay: true,\n   \t\tautoplaySpeed: 5000\n\t});\n});\n<\/script>\n\n\t<section class=\"section slider_subtipo dark\" style=\"background-image: url(https:\/\/dentaltechexpert.com\/wp-content\/uploads\/2024\/11\/fundo_9.jpg);\">\n\t<span class=\"block-admin-title\" aria-hidden=\"true\">Secci\u00f3n de Slider Subtipos\n<\/span>\n\t<section class=\"wrapper\">\n\t\t<p class=\"subtitulo\">Encontre a tecnologia certa para sua pr\u00e1tica<\/p>\n\t\t<p class=\"title\">Scanners intraorais<\/p>\n\t\t<div class=\"descripcion\">\n\t\t\t<p>Transforme o processo de moldagem com scanners intraorais que oferecem velocidade, precis\u00e3o e conforto ao paciente.<br \/>\nDeixe de lado a impress\u00e3o tradicional e passe a ser digital. <\/p>\n\t\t<\/div>\n\t\t\t\t<div class=\"lista_subtipo 68204375\">\n\t\t\t\t\t\t\t<div class=\"item_subtipo\">\n\t\t\t\t\t<div class=\"imagem\"><a href=\"https:\/\/dentaltechexpert.com\/pt-br\/producto\/aoralscan-3\/\" title=\"Aoralscan 3\"><img decoding=\"async\" src=\"https:\/\/dentaltechexpert.com\/wp-content\/uploads\/2024\/10\/ios-aoralscan-3-600x509.webp\" \/><\/a><\/div>\n\t\t\t\t\t<div class=\"titulo\"><a href=\"https:\/\/dentaltechexpert.com\/pt-br\/producto\/aoralscan-3\/\" title=\"Aoralscan 3\"><p>Aoralscan 3<\/p><\/a><\/div>\n\t\t\t\t<\/div>\n\t\t\t\t\t\t\t<div class=\"item_subtipo\">\n\t\t\t\t\t<div class=\"imagem\"><a href=\"https:\/\/dentaltechexpert.com\/pt-br\/producto\/aoralscan-3-sem-fio\/\" title=\"Aoralscan 3 sem fio\"><img decoding=\"async\" src=\"https:\/\/dentaltechexpert.com\/wp-content\/uploads\/2024\/10\/ios-aoralscan-3-600x509.png\" \/><\/a><\/div>\n\t\t\t\t\t<div class=\"titulo\"><a href=\"https:\/\/dentaltechexpert.com\/pt-br\/producto\/aoralscan-3-sem-fio\/\" title=\"Aoralscan 3 sem fio\"><p>Aoralscan 3 sem fio<\/p><\/a><\/div>\n\t\t\t\t<\/div>\n\t\t\t\t\t\t\t<div class=\"item_subtipo\">\n\t\t\t\t\t<div class=\"imagem\"><a href=\"https:\/\/dentaltechexpert.com\/pt-br\/producto\/aoralscan-elite\/\" title=\"Aoralscan Elite\"><img decoding=\"async\" src=\"https:\/\/dentaltechexpert.com\/wp-content\/uploads\/2024\/10\/ipg-aoralscan-elite.jpeg\" \/><\/a><\/div>\n\t\t\t\t\t<div class=\"titulo\"><a href=\"https:\/\/dentaltechexpert.com\/pt-br\/producto\/aoralscan-elite\/\" title=\"Aoralscan Elite\"><p>Aoralscan Elite<\/p><\/a><\/div>\n\t\t\t\t<\/div>\n\t\t\t\t\t\t\t<div class=\"item_subtipo\">\n\t\t\t\t\t<div class=\"imagem\"><a href=\"https:\/\/dentaltechexpert.com\/pt-br\/producto\/omnicam\/\" title=\"Omnicam\"><img decoding=\"async\" src=\"https:\/\/dentaltechexpert.com\/wp-content\/uploads\/2024\/11\/omnicam-600x421.png\" \/><\/a><\/div>\n\t\t\t\t\t<div class=\"titulo\"><a href=\"https:\/\/dentaltechexpert.com\/pt-br\/producto\/omnicam\/\" title=\"Omnicam\"><p>Omnicam<\/p><\/a><\/div>\n\t\t\t\t<\/div>\n\t\t\t\t\t\t\t<div class=\"item_subtipo\">\n\t\t\t\t\t<div class=\"imagem\"><a href=\"https:\/\/dentaltechexpert.com\/pt-br\/producto\/primescan\/\" title=\"Primescan\"><img decoding=\"async\" src=\"https:\/\/dentaltechexpert.com\/wp-content\/uploads\/2024\/11\/primescan-540x509.jpg\" \/><\/a><\/div>\n\t\t\t\t\t<div class=\"titulo\"><a href=\"https:\/\/dentaltechexpert.com\/pt-br\/producto\/primescan\/\" title=\"Primescan\"><p>Primescan<\/p><\/a><\/div>\n\t\t\t\t<\/div>\n\t\t\t\t\t\t\t<div class=\"item_subtipo\">\n\t\t\t\t\t<div class=\"imagem\"><a href=\"https:\/\/dentaltechexpert.com\/pt-br\/producto\/trios-5\/\" title=\"TRIOS 5\"><img decoding=\"async\" src=\"https:\/\/dentaltechexpert.com\/wp-content\/uploads\/2024\/10\/3shape-trios-5-wireless-intra-oral-scanner_1.jpg\" \/><\/a><\/div>\n\t\t\t\t\t<div class=\"titulo\"><a href=\"https:\/\/dentaltechexpert.com\/pt-br\/producto\/trios-5\/\" title=\"TRIOS 5\"><p>TRIOS 5<\/p><\/a><\/div>\n\t\t\t\t<\/div>\n\t\t\t\t\t<\/div>\n\t\t\t<\/section>\n<\/section>\n<script>\njQuery( document ).ready(function() {\n\tjQuery('.section.slider_subtipo .68204375').slick({\n\t\tslidesToShow: 5,\n\t\tslidesToScroll: 1,\n\t\tinfinite: true,\n\t\tdots: false,\n   \t\tautoplay: true,\n   \t\tautoplaySpeed: 3000,\n   \t\tresponsive: [\n\t\t\t{\n\t\t\t\tbreakpoint: 768,\n\t\t\t\tsettings: {\n\t\t\t\t\tslidesToShow: 3\n\t\t\t\t}\n\t\t\t},\n\t\t\t{\n\t\t\t\tbreakpoint: 480,\n\t\t\t\tsettings: {\n\t\t\t\t\tslidesToShow: 1\n\t\t\t\t}\n\t\t\t}\n\t\t]\n\t});\n});\n<\/script>\n\n \n\t<section class=\"section slider_subtipo\" style=\"background-image: url(https:\/\/dentaltechexpert.com\/wp-content\/uploads\/2024\/10\/fundo_4.jpg);\">\n\t<span class=\"block-admin-title\" aria-hidden=\"true\">Secci\u00f3n de Slider Subtipos\n<\/span>\n\t<section class=\"wrapper\">\n\t\t<p class=\"subtitulo\">Encontre a tecnologia certa para sua pr\u00e1tica<\/p>\n\t\t<p class=\"title\">Fresadoras odontol\u00f3gicas<\/p>\n\t\t<div class=\"descripcion\">\n\t\t\t<p>Garanta precis\u00e3o e qualidade com as melhores fresadoras do mercado para fabricar pr\u00f3teses com alta durabilidade e est\u00e9tica.<br \/>\nReduza o tempo de produ\u00e7\u00e3o e aumente a efici\u00eancia em sua cl\u00ednica. <\/p>\n\t\t<\/div>\n\t\t\t<\/section>\n<\/section>\n<script>\njQuery( document ).ready(function() {\n\tjQuery('.section.slider_subtipo .1955624211').slick({\n\t\tslidesToShow: 5,\n\t\tslidesToScroll: 1,\n\t\tinfinite: true,\n\t\tdots: false,\n   \t\tautoplay: true,\n   \t\tautoplaySpeed: 3000,\n   \t\tresponsive: [\n\t\t\t{\n\t\t\t\tbreakpoint: 768,\n\t\t\t\tsettings: {\n\t\t\t\t\tslidesToShow: 3\n\t\t\t\t}\n\t\t\t},\n\t\t\t{\n\t\t\t\tbreakpoint: 480,\n\t\t\t\tsettings: {\n\t\t\t\t\tslidesToShow: 1\n\t\t\t\t}\n\t\t\t}\n\t\t]\n\t});\n});\n<\/script>\n<section class=\"section beneficios\" style=\"background-image: url(https:\/\/dentaltechexpert.com\/wp-content\/uploads\/2024\/08\/fundo_beneficios.png);\">\n\t<span class=\"block-admin-title\" aria-hidden=\"true\">Secci\u00f3n de Beneficios<\/span>\n\t<section class=\"wrapper\">\n\t\t<p class=\"subtitulo\">Fluxo de trabalho digital explicado<\/p>\n\t\t<p class=\"title\">Do escaneamento ao sorriso: como a tecnologia pode transformar sua pr\u00e1tica.<\/p>\n\t\t<div class=\"itens_beneficios\">\n\t\t\t<div class=\"beneficio\">\n\t\t\t\t<p class=\"subtitle\">Digitaliza\u00e7\u00e3o digital (scanners intraorais)<\/p>\n\t\t\t\t<div class=\"subtexto\"><p>Capture estruturas dent\u00e1rias com detalhes impressionantes usando scanners intraorais de \u00faltima gera\u00e7\u00e3o.<\/p>\n<\/div>\n\t\t\t<\/div>\n\t\t\t<div class=\"beneficio\">\n\t\t\t\t<p class=\"subtitle\">Design digital (software CAD\/CAM)<\/p>\n\t\t\t\t<div class=\"subtexto\"><p>Crie restaura\u00e7\u00f5es, pr\u00f3teses e outros dispositivos com precis\u00e3o absoluta por meio do software CAD\/CAM intuitivo.<\/p>\n<\/div>\n\t\t\t<\/div>\n\t\t\t<div class=\"beneficio\">\n\t\t\t\t<p class=\"subtitle\">Produ\u00e7\u00e3o (fresadoras e impressoras 3D)<\/p>\n\t\t\t\t<div class=\"subtexto\"><p>Realize seu projeto com fresadoras de alta precis\u00e3o e impressoras 3D que garantem qualidade superior.<\/p>\n<\/div>\n\t\t\t<\/div>\n\t\t\t<div class=\"beneficio\">\n\t\t\t\t<p class=\"subtitle\">Conclus\u00e3o e entrega<\/p>\n\t\t\t\t<div class=\"subtexto\"><p>O processo digital permite uma entrega mais r\u00e1pida e personalizada ao paciente, com resultados consistentes.<\/p>\n<\/div>\n\t\t\t<\/div>\n\t\t<\/div>\n\t<\/section>\n<\/section>\n<section class=\"section seccion_quienes_somos\" style=\"background-image: url(https:\/\/dentaltechexpert.com\/wp-content\/uploads\/2024\/10\/fundo_2.jpg);\">\n\t<span class=\"block-admin-title\" aria-hidden=\"true\">Secci\u00f3n de Quienes somos<\/span>\n\t<section class=\"wrapper\">\n\t\t<div class=\"content\">\n\t\t\t<div class=\"texto\">\n\n\t\t\t\t\t\t\t\t\t<p class=\"subtitulo\">nossa hist\u00f3ria<\/p>\n\t\t\t\t\n\t\t\t\t<h1>Quem <b>somos<\/b><\/h1>\n\t\t\t\t<div class=\"descripcion\">\n\t\t\t\t\t<p>Somos l\u00edderes em solu\u00e7\u00f5es odontol\u00f3gicas digitais, oferecendo uma experi\u00eancia completa para laborat\u00f3rios e cl\u00ednicas que buscam a transforma\u00e7\u00e3o digital. Oferecemos produtos de ponta, especifica\u00e7\u00f5es detalhadas e conte\u00fado especializado &#8211; tudo o que voc\u00ea precisa para otimizar seu fluxo de trabalho e melhorar a qualidade de seus servi\u00e7os.<\/p>\n\t\t\t\t<\/div>\n\t\t\t<\/div>\n\t\t<\/div>\n\t<\/section>\n<\/section><section class=\"section contacto\">\n\t<span class=\"block-admin-title\" aria-hidden=\"true\">Secci\u00f3n de Contacto\n<\/span>\n\t<section class=\"wrapper\">\n\t\t<p class=\"subtitulo\">Voc\u00ea tem alguma pergunta?<\/p>\n\t\t<p class='title'><strong>Entre em contato conosco<\/strong><\/p>\t\t<div class=\"forma\">\n\t\t\t<div class=\"descripcion\">\n\t\t\t\t<p>Entre em contato conosco hoje mesmo para agendar uma demonstra\u00e7\u00e3o ao vivo e experimentar a pr\u00f3xima gera\u00e7\u00e3o de tecnologia odontol\u00f3gica!<\/p>\n\t\t\t<\/div>\n\t\t\t\n<div class=\"wpcf7 no-js\" id=\"wpcf7-f1205-o1\" lang=\"pt-BR\" dir=\"ltr\" data-wpcf7-id=\"1205\">\n<div class=\"screen-reader-response\"><p role=\"status\" aria-live=\"polite\" aria-atomic=\"true\"><\/p> <ul><\/ul><\/div>\n<form action=\"\/pt-br\/wp-json\/wp\/v2\/pages\/1525#wpcf7-f1205-o1\" method=\"post\" class=\"wpcf7-form init\" aria-label=\"Formul\u00e1rios de contato\" novalidate=\"novalidate\" data-status=\"init\">\n<fieldset class=\"hidden-fields-container\"><input type=\"hidden\" name=\"_wpcf7\" value=\"1205\" \/><input type=\"hidden\" name=\"_wpcf7_version\" value=\"6.1.2\" \/><input type=\"hidden\" name=\"_wpcf7_locale\" value=\"pt_BR\" \/><input type=\"hidden\" name=\"_wpcf7_unit_tag\" value=\"wpcf7-f1205-o1\" \/><input type=\"hidden\" name=\"_wpcf7_container_post\" value=\"0\" \/><input type=\"hidden\" name=\"_wpcf7_posted_data_hash\" value=\"\" \/><input type=\"hidden\" name=\"_wpcf7cf_hidden_group_fields\" value=\"[]\" \/><input type=\"hidden\" name=\"_wpcf7cf_hidden_groups\" value=\"[]\" \/><input type=\"hidden\" name=\"_wpcf7cf_visible_groups\" value=\"[]\" \/><input type=\"hidden\" name=\"_wpcf7cf_repeaters\" value=\"[]\" \/><input type=\"hidden\" name=\"_wpcf7cf_steps\" value=\"{}\" \/><input type=\"hidden\" name=\"_wpcf7cf_options\" value=\"{&quot;form_id&quot;:1205,&quot;conditions&quot;:[],&quot;settings&quot;:{&quot;animation&quot;:&quot;yes&quot;,&quot;animation_intime&quot;:200,&quot;animation_outtime&quot;:200,&quot;conditions_ui&quot;:&quot;normal&quot;,&quot;notice_dismissed&quot;:false}}\" \/>\n<\/fieldset>\n<div class=\"wpcf7-turnstile cf-turnstile\" data-sitekey=\"0x4AAAAAACCnWEdj0dZKmHNe\" data-response-field-name=\"_wpcf7_turnstile_response\"><\/div>\n\n<p><label>Nome completo *<\/label><span class=\"wpcf7-form-control-wrap\" data-name=\"your-name\"><input size=\"40\" maxlength=\"400\" class=\"wpcf7-form-control wpcf7-text wpcf7-validates-as-required\" autocomplete=\"name\" aria-required=\"true\" aria-invalid=\"false\" value=\"\" type=\"text\" name=\"your-name\" \/><\/span>\n<\/p>\n<div class=\"form_50\">\n\t<p><label>E-mail *<\/label><span class=\"wpcf7-form-control-wrap\" data-name=\"your-email\"><input size=\"40\" maxlength=\"400\" class=\"wpcf7-form-control wpcf7-email wpcf7-validates-as-required wpcf7-text wpcf7-validates-as-email\" autocomplete=\"email\" aria-required=\"true\" aria-invalid=\"false\" value=\"\" type=\"email\" name=\"your-email\" \/><\/span>\n\t<\/p>\n<\/div>\n<div class=\"form_50\">\n\t<p><label>Telefone<\/label><span class=\"wpcf7-form-control-wrap\" data-name=\"your-telefono\"><input size=\"40\" maxlength=\"400\" class=\"wpcf7-form-control wpcf7-text wpcf7-validates-as-required\" aria-required=\"true\" aria-invalid=\"false\" value=\"\" type=\"text\" name=\"your-telefono\" \/><\/span>\n\t<\/p>\n<\/div>\n<div class=\"form_50\">\n\t<p><label>Nome da empresa *<\/label><span class=\"wpcf7-form-control-wrap\" data-name=\"empresa\"><input size=\"40\" maxlength=\"400\" class=\"wpcf7-form-control wpcf7-text wpcf7-validates-as-required\" aria-required=\"true\" aria-invalid=\"false\" value=\"\" type=\"text\" name=\"empresa\" \/><\/span>\n\t<\/p>\n<\/div>\n<div class=\"form_50\">\n\t<p><label>Localiza\u00e7\u00e3o *<\/label><span class=\"wpcf7-form-control-wrap\" data-name=\"localizacao\"><input size=\"40\" maxlength=\"400\" class=\"wpcf7-form-control wpcf7-text wpcf7-validates-as-required\" aria-required=\"true\" aria-invalid=\"false\" value=\"\" type=\"text\" name=\"localizacao\" \/><\/span>\n\t<\/p>\n<\/div>\n<p><label>Mensagem<\/label><span class=\"wpcf7-form-control-wrap\" data-name=\"your-message\"><textarea cols=\"40\" rows=\"10\" maxlength=\"2000\" class=\"wpcf7-form-control wpcf7-textarea\" aria-invalid=\"false\" name=\"your-message\"><\/textarea><\/span>\n<\/p>\n<p><span class=\"wpcf7-form-control-wrap\" data-name=\"acceptance\"><span class=\"wpcf7-form-control wpcf7-acceptance\"><span class=\"wpcf7-list-item\"><input type=\"checkbox\" name=\"acceptance\" value=\"1\" aria-invalid=\"false\" \/><\/span><\/span><\/span>Concordo em receber promo\u00e7\u00f5es, atualiza\u00e7\u00f5es, lan\u00e7amentos e conte\u00fado informativo sobre Marketing Digital. Veja nossa <a href=\"https:\/\/dentaltechexpert.com\/politica-de-privacidad\/\" target=\"_blank\">Pol\u00edtica de Privacidade.<\/a>\n<\/p>\n<input class=\"wpcf7-form-control wpcf7-hidden\" value=\"\" type=\"hidden\" name=\"utm_source\" \/>\n<input class=\"wpcf7-form-control wpcf7-hidden\" value=\"\" type=\"hidden\" name=\"utm_medium\" \/>\n<input class=\"wpcf7-form-control wpcf7-hidden\" value=\"\" type=\"hidden\" name=\"utm_campaign\" \/>\n<input class=\"wpcf7-form-control wpcf7-hidden\" value=\"\" type=\"hidden\" name=\"utm_term\" \/>\n<input class=\"wpcf7-form-control wpcf7-hidden\" value=\"\" type=\"hidden\" name=\"utm_content\" \/>\n<input class=\"wpcf7-form-control wpcf7-hidden\" value=\"\" type=\"hidden\" name=\"gclid\" \/>\n<input class=\"wpcf7-form-control wpcf7-hidden\" value=\"\" type=\"hidden\" name=\"fbclid\" \/>\n<p><input class=\"wpcf7-form-control wpcf7-submit has-spinner\" type=\"submit\" value=\"Enviar\" \/>\n<\/p><div class=\"wpcf7-response-output\" aria-hidden=\"true\"><\/div>\n<\/form>\n<\/div>\n\t\t<\/div>\n\t<\/section>\n<\/section>\n","protected":false},"excerpt":{"rendered":"","protected":false},"author":1,"featured_media":0,"parent":0,"menu_order":0,"comment_status":"closed","ping_status":"closed","template":"","meta":{"_acf_changed":false,"footnotes":""},"class_list":["post-1525","page","type-page","status-publish","hentry"],"acf":[],"yoast_head":"<!-- This site is optimized with the Yoast SEO plugin v26.1.1 - https:\/\/yoast.com\/wordpress\/plugins\/seo\/ -->\n<title>Especialistas em tecnologia odontol\u00f3gica<\/title>\n<meta name=\"description\" content=\"Somos l\u00edderes em solu\u00e7\u00f5es odontol\u00f3gicas digitais, oferecendo uma experi\u00eancia completa para laborat\u00f3rios e cl\u00ednicas que buscam a transforma\u00e7\u00e3o digital.\" \/>\n<meta name=\"robots\" content=\"index, follow, max-snippet:-1, max-image-preview:large, max-video-preview:-1\" \/>\n<link rel=\"canonical\" href=\"https:\/\/dentaltechexpert.com\/pt-br\/\" \/>\n<meta property=\"og:locale\" content=\"pt_BR\" \/>\n<meta property=\"og:type\" content=\"article\" \/>\n<meta property=\"og:title\" content=\"Especialistas em tecnologia odontol\u00f3gica\" \/>\n<meta property=\"og:description\" content=\"Somos l\u00edderes em solu\u00e7\u00f5es odontol\u00f3gicas digitais, oferecendo uma experi\u00eancia completa para laborat\u00f3rios e cl\u00ednicas que buscam a transforma\u00e7\u00e3o digital.\" \/>\n<meta property=\"og:url\" content=\"https:\/\/dentaltechexpert.com\/pt-br\/\" \/>\n<meta property=\"og:site_name\" content=\"Dental Tech Expert\" \/>\n<meta property=\"article:modified_time\" content=\"2024-12-09T13:57:49+00:00\" \/>\n<meta name=\"twitter:card\" content=\"summary_large_image\" \/>\n<script type=\"application\/ld+json\" class=\"yoast-schema-graph\">{\"@context\":\"https:\/\/schema.org\",\"@graph\":[{\"@type\":\"WebPage\",\"@id\":\"https:\/\/dentaltechexpert.com\/pt-br\/\",\"url\":\"https:\/\/dentaltechexpert.com\/pt-br\/\",\"name\":\"Especialistas em tecnologia odontol\u00f3gica\",\"isPartOf\":{\"@id\":\"https:\/\/dentaltechexpert.com\/pt-br\/#website\"},\"datePublished\":\"2024-08-19T12:23:07+00:00\",\"dateModified\":\"2024-12-09T13:57:49+00:00\",\"description\":\"Somos l\u00edderes em solu\u00e7\u00f5es odontol\u00f3gicas digitais, oferecendo uma experi\u00eancia completa para laborat\u00f3rios e cl\u00ednicas que buscam a transforma\u00e7\u00e3o digital.\",\"breadcrumb\":{\"@id\":\"https:\/\/dentaltechexpert.com\/pt-br\/#breadcrumb\"},\"inLanguage\":\"pt-BR\",\"potentialAction\":[{\"@type\":\"ReadAction\",\"target\":[\"https:\/\/dentaltechexpert.com\/pt-br\/\"]}]},{\"@type\":\"BreadcrumbList\",\"@id\":\"https:\/\/dentaltechexpert.com\/pt-br\/#breadcrumb\",\"itemListElement\":[{\"@type\":\"ListItem\",\"position\":1,\"name\":\"Portada\",\"item\":\"https:\/\/dentaltechexpert.com\/pt-br\/\"},{\"@type\":\"ListItem\",\"position\":2,\"name\":\"In\u00edcio\"}]},{\"@type\":\"WebSite\",\"@id\":\"https:\/\/dentaltechexpert.com\/pt-br\/#website\",\"url\":\"https:\/\/dentaltechexpert.com\/pt-br\/\",\"name\":\"Dental Tech Expert\",\"description\":\"\",\"potentialAction\":[{\"@type\":\"SearchAction\",\"target\":{\"@type\":\"EntryPoint\",\"urlTemplate\":\"https:\/\/dentaltechexpert.com\/pt-br\/?s={search_term_string}\"},\"query-input\":{\"@type\":\"PropertyValueSpecification\",\"valueRequired\":true,\"valueName\":\"search_term_string\"}}],\"inLanguage\":\"pt-BR\"}]}<\/script>\n<!-- \/ Yoast SEO plugin. -->","yoast_head_json":{"title":"Especialistas em tecnologia odontol\u00f3gica","description":"Somos l\u00edderes em solu\u00e7\u00f5es odontol\u00f3gicas digitais, oferecendo uma experi\u00eancia completa para laborat\u00f3rios e cl\u00ednicas que buscam a transforma\u00e7\u00e3o digital.","robots":{"index":"index","follow":"follow","max-snippet":"max-snippet:-1","max-image-preview":"max-image-preview:large","max-video-preview":"max-video-preview:-1"},"canonical":"https:\/\/dentaltechexpert.com\/pt-br\/","og_locale":"pt_BR","og_type":"article","og_title":"Especialistas em tecnologia odontol\u00f3gica","og_description":"Somos l\u00edderes em solu\u00e7\u00f5es odontol\u00f3gicas digitais, oferecendo uma experi\u00eancia completa para laborat\u00f3rios e cl\u00ednicas que buscam a transforma\u00e7\u00e3o digital.","og_url":"https:\/\/dentaltechexpert.com\/pt-br\/","og_site_name":"Dental Tech Expert","article_modified_time":"2024-12-09T13:57:49+00:00","twitter_card":"summary_large_image","schema":{"@context":"https:\/\/schema.org","@graph":[{"@type":"WebPage","@id":"https:\/\/dentaltechexpert.com\/pt-br\/","url":"https:\/\/dentaltechexpert.com\/pt-br\/","name":"Especialistas em tecnologia odontol\u00f3gica","isPartOf":{"@id":"https:\/\/dentaltechexpert.com\/pt-br\/#website"},"datePublished":"2024-08-19T12:23:07+00:00","dateModified":"2024-12-09T13:57:49+00:00","description":"Somos l\u00edderes em solu\u00e7\u00f5es odontol\u00f3gicas digitais, oferecendo uma experi\u00eancia completa para laborat\u00f3rios e cl\u00ednicas que buscam a transforma\u00e7\u00e3o digital.","breadcrumb":{"@id":"https:\/\/dentaltechexpert.com\/pt-br\/#breadcrumb"},"inLanguage":"pt-BR","potentialAction":[{"@type":"ReadAction","target":["https:\/\/dentaltechexpert.com\/pt-br\/"]}]},{"@type":"BreadcrumbList","@id":"https:\/\/dentaltechexpert.com\/pt-br\/#breadcrumb","itemListElement":[{"@type":"ListItem","position":1,"name":"Portada","item":"https:\/\/dentaltechexpert.com\/pt-br\/"},{"@type":"ListItem","position":2,"name":"In\u00edcio"}]},{"@type":"WebSite","@id":"https:\/\/dentaltechexpert.com\/pt-br\/#website","url":"https:\/\/dentaltechexpert.com\/pt-br\/","name":"Dental Tech Expert","description":"","potentialAction":[{"@type":"SearchAction","target":{"@type":"EntryPoint","urlTemplate":"https:\/\/dentaltechexpert.com\/pt-br\/?s={search_term_string}"},"query-input":{"@type":"PropertyValueSpecification","valueRequired":true,"valueName":"search_term_string"}}],"inLanguage":"pt-BR"}]}},"_links":{"self":[{"href":"https:\/\/dentaltechexpert.com\/pt-br\/wp-json\/wp\/v2\/pages\/1525","targetHints":{"allow":["GET"]}}],"collection":[{"href":"https:\/\/dentaltechexpert.com\/pt-br\/wp-json\/wp\/v2\/pages"}],"about":[{"href":"https:\/\/dentaltechexpert.com\/pt-br\/wp-json\/wp\/v2\/types\/page"}],"author":[{"embeddable":true,"href":"https:\/\/dentaltechexpert.com\/pt-br\/wp-json\/wp\/v2\/users\/1"}],"replies":[{"embeddable":true,"href":"https:\/\/dentaltechexpert.com\/pt-br\/wp-json\/wp\/v2\/comments?post=1525"}],"version-history":[{"count":2,"href":"https:\/\/dentaltechexpert.com\/pt-br\/wp-json\/wp\/v2\/pages\/1525\/revisions"}],"predecessor-version":[{"id":1576,"href":"https:\/\/dentaltechexpert.com\/pt-br\/wp-json\/wp\/v2\/pages\/1525\/revisions\/1576"}],"wp:attachment":[{"href":"https:\/\/dentaltechexpert.com\/pt-br\/wp-json\/wp\/v2\/media?parent=1525"}],"curies":[{"name":"wp","href":"https:\/\/api.w.org\/{rel}","templated":true}]}}